{"id":218,"date":"2023-11-06T13:51:28","date_gmt":"2023-11-06T13:51:28","guid":{"rendered":"https:\/\/ashley-demo.bslthemes.com\/?page_id=218"},"modified":"2024-10-15T11:18:55","modified_gmt":"2024-10-15T14:18:55","slug":"blog","status":"publish","type":"page","link":"https:\/\/saccocreativegroup.com\/en\/blog\/","title":{"rendered":"Blog"},"content":{"rendered":"<div data-elementor-type=\"wp-page\" data-elementor-id=\"218\" class=\"elementor elementor-218\">\n\t\t\t\t\t\t<section class=\"elementor-section elementor-top-section elementor-element elementor-element-14af90b elementor-section-full_width elementor-section-height-default elementor-section-height-default\" data-id=\"14af90b\" data-element_type=\"section\" data-e-type=\"section\">\n\t\t\t\t\t\t<div class=\"elementor-container elementor-column-gap-no\">\n\t\t\t\t\t<div class=\"elementor-column elementor-col-100 elementor-top-column elementor-element elementor-element-7056e03\" data-id=\"7056e03\" data-element_type=\"column\" data-e-type=\"column\">\n\t\t\t<div class=\"elementor-widget-wrap elementor-element-populated\">\n\t\t\t\t\t\t<div class=\"elementor-element elementor-element-1a317ed blog elementor-widget elementor-widget-ashley-intro\" data-id=\"1a317ed\" data-element_type=\"widget\" data-e-type=\"widget\" data-widget_type=\"ashley-intro.default\">\n\t\t\t\t<div class=\"elementor-widget-container\">\n\t\t\t\t\t\n\t\t<!-- banner -->\n\t\t\n\t\t<div class=\"mil-inner-banner\">\n\t\t\t\t\t\t<div class=\"mil-banner-content mil-up\">\n\t\t\t\t\t\t\t\t<div class=\"mil-animation-frame\">\n\t\t\t\t\t<div class=\"mil-animation mil-position-4 mil-dark mil-scale\" data-value-1=\"6\" data-value-2=\"1.4\"><\/div>\n\t\t\t\t<\/div>\n\t\t\t\t\t\t\t\t\n\t\t\t\t<div class=\"container\">\n\t\t\t\t\t<ul class=\"mil-breadcrumbs  mil-mb-60\"><li><a href=\"https:\/\/saccocreativegroup.com\/en\/\" title=\"Sacco Creative Group\">Home<\/a><\/li><li><a><\/a><\/li><\/ul>\t\t\t\t\t\t\t\t\t\t<h1 class=\"el-title mil-mb-60\">\n\t\t\t\t\t\t<span >\n\t\t\t\t\t\t\t<span class=\"mil-thin\">Ideas<\/span> in motion\t\t\t\t\t\t<\/span>\n\t\t\t\t\t<\/h1>\n\t\t\t\t\t\t\t\t\t\t\t\t\t\t\t<a href=\"#blog\" class=\"mil-link mil-dark mil-arrow-place mil-down-arrow\">\n\t\t\t\t\t\t<span >\n\t\t\t\t\t\t\tPublicaciones\t\t\t\t\t\t<\/span>\n\t\t\t\t\t<\/a>\n\t\t\t\t\t\t\t\t\t<\/div>\n\t\t\t<\/div>\n\t\t\t\t\t<\/div>\n\n\t\t\t\t<!-- banner end -->\n\n\t\t\t\t\t\t<\/div>\n\t\t\t\t<\/div>\n\t\t\t\t\t<\/div>\n\t\t<\/div>\n\t\t\t\t\t<\/div>\n\t\t<\/section>\n\t\t\t\t<section class=\"elementor-section elementor-top-section elementor-element elementor-element-4ba0bd6 elementor-section-full_width elementor-section-height-default elementor-section-height-default\" data-id=\"4ba0bd6\" data-element_type=\"section\" data-e-type=\"section\" id=\"blog-all\">\n\t\t\t\t\t\t<div class=\"elementor-container elementor-column-gap-default\">\n\t\t\t\t\t<div class=\"elementor-column elementor-col-100 elementor-top-column elementor-element elementor-element-060dc92\" data-id=\"060dc92\" data-element_type=\"column\" data-e-type=\"column\">\n\t\t\t<div class=\"elementor-widget-wrap elementor-element-populated\">\n\t\t\t\t\t\t<section class=\"elementor-section elementor-inner-section elementor-element elementor-element-4dfac7b elementor-section-boxed elementor-section-height-default elementor-section-height-default\" data-id=\"4dfac7b\" data-element_type=\"section\" data-e-type=\"section\" id=\"blog\">\n\t\t\t\t\t\t<div class=\"elementor-container elementor-column-gap-default\">\n\t\t\t\t\t<div class=\"elementor-column elementor-col-33 elementor-inner-column elementor-element elementor-element-31d6ee4\" data-id=\"31d6ee4\" data-element_type=\"column\" data-e-type=\"column\">\n\t\t\t<div class=\"elementor-widget-wrap elementor-element-populated\">\n\t\t\t\t\t\t<div class=\"elementor-element elementor-element-d8eaacc elementor-widget elementor-widget-ashley-about-us\" data-id=\"d8eaacc\" data-element_type=\"widget\" data-e-type=\"widget\" data-widget_type=\"ashley-about-us.default\">\n\t\t\t\t<div class=\"elementor-widget-container\">\n\t\t\t\t\t\n\t\t\n\t\t\t\t<h3 class=\"mil-h3 mil-title-el mil-up mil-mb-30\">\n\t\t\t<span >\n\t\t\t\tCategor\u00edas:\t\t\t<\/span>\n\t\t<\/h3>\n\t\t\n\t\t\t\t\t\t<\/div>\n\t\t\t\t<\/div>\n\t\t\t\t\t<\/div>\n\t\t<\/div>\n\t\t\t\t<div class=\"elementor-column elementor-col-66 elementor-inner-column elementor-element elementor-element-54d6ae5\" data-id=\"54d6ae5\" data-element_type=\"column\" data-e-type=\"column\">\n\t\t\t<div class=\"elementor-widget-wrap elementor-element-populated\">\n\t\t\t\t\t\t<div class=\"elementor-element elementor-element-ef6394e elementor-widget elementor-widget-ashley-blog-categories\" data-id=\"ef6394e\" data-element_type=\"widget\" data-e-type=\"widget\" data-widget_type=\"ashley-blog-categories.default\">\n\t\t\t\t<div class=\"elementor-widget-container\">\n\t\t\t\t\t\t\t\n\t\t<div class=\"mil-adaptive-right mil-up\">\n\t\t\t<ul class=\"mil-category-list\">\n\t\t\t\t\t\t\t\t\t\t\t\t<li><a href=\"https:\/\/saccocreativegroup.com\/en\/category\/innovacion\/\">Innovation<\/a><\/li>\n\t\t\t\t\t\t\t\t<li><a href=\"https:\/\/saccocreativegroup.com\/en\/category\/inspiracion\/\">Inspiraci\u00f3n<\/a><\/li>\n\t\t\t\t\t\t\t\t<li><a href=\"https:\/\/saccocreativegroup.com\/en\/category\/marketing\/\">Marketing<\/a><\/li>\n\t\t\t\t\t\t\t\t<li><a href=\"https:\/\/saccocreativegroup.com\/en\/category\/sostenibilidad\/\">Sustainability<\/a><\/li>\n\t\t\t\t\t\t\t\t<li><a href=\"https:\/\/saccocreativegroup.com\/en\/category\/technology\/\">Technology<\/a><\/li>\n\t\t\t\t\t\t\t\t\t\t\t\t\t\t\t\t<li>\n\t\t\t\t\t<a href=\"\/en\/blog\/\" class=\"mil-active\">\n\t\t\t\t\t\t<span >\n\t\t\t\t\t\t\tTodas\t\t\t\t\t\t<\/span>\n\t\t\t\t\t<\/a>\n\t\t\t\t<\/li>\n\t\t\t\t\t\t\t<\/ul>\n\t\t<\/div>\n\n\t\t\t\t\t\t<\/div>\n\t\t\t\t<\/div>\n\t\t\t\t\t<\/div>\n\t\t<\/div>\n\t\t\t\t\t<\/div>\n\t\t<\/section>\n\t\t\t\t<section class=\"elementor-section elementor-inner-section elementor-element elementor-element-08de6a6 elementor-section-boxed elementor-section-height-default elementor-section-height-default\" data-id=\"08de6a6\" data-element_type=\"section\" data-e-type=\"section\">\n\t\t\t\t\t\t<div class=\"elementor-container elementor-column-gap-default\">\n\t\t\t\t\t<div class=\"elementor-column elementor-col-100 elementor-inner-column elementor-element elementor-element-caf4af1\" data-id=\"caf4af1\" data-element_type=\"column\" data-e-type=\"column\">\n\t\t\t<div class=\"elementor-widget-wrap elementor-element-populated\">\n\t\t\t\t\t\t<div class=\"elementor-element elementor-element-3ae35fb elementor-widget elementor-widget-ashley-blog-grid\" data-id=\"3ae35fb\" data-element_type=\"widget\" data-e-type=\"widget\" data-widget_type=\"ashley-blog-grid.default\">\n\t\t\t\t<div class=\"elementor-widget-container\">\n\t\t\t\t\t\n\t\t\n\t\t<div class=\"row js-blog\">\n\t\t\t\n\n<div class=\"col-lg-12\">\n\t<div id=\"post-3255\" class=\"post-3255 post type-post status-publish format-standard has-post-thumbnail hentry category-technology\">\n\t\t<!-- blog card -->\n\t\t\t\t<a href=\"https:\/\/saccocreativegroup.com\/en\/evitar-que-tu-texto-suene-a-ia\/\" class=\"mil-blog-card mil-blog-card-hori mil-more mil-mb-60\">\n\t\t\t\t\t\t\t\t\t\t\t<div class=\"mil-cover-frame mil-up\">\n\t\t\t\t<img decoding=\"async\" data-src=\"https:\/\/saccocreativegroup.com\/wp-content\/uploads\/2025\/04\/Evitar-sonar-como-IA_Portada-linkedin-copia-2-1-1920x1244.jpg\" alt=\"C\u00f3mo evitar que tu texto suene a inteligencia artificial\" src=\"data:image\/svg+xml;base64,PHN2ZyB3aWR0aD0iMSIgaGVpZ2h0PSIxIiB4bWxucz0iaHR0cDovL3d3dy53My5vcmcvMjAwMC9zdmciPjwvc3ZnPg==\" class=\"lazyload\" style=\"--smush-placeholder-width: 1920px; --smush-placeholder-aspect-ratio: 1920\/1244;\" \/>\n\t\t\t<\/div>\n\t\t\t\t\t\t\t\t\t<div class=\"mil-post-descr\">\n\t\t\t\t<div class=\"mil-description\">\n\t\t\t\t\t<div class=\"mil-labels mil-up mil-mb-30\">\n\t\t\t\t\t\t\t\t\t\t\t\t<span class=\"mil-label mil-upper mil-accent\">\n\t\t\t\t\t\t\tTechnology\t\t\t\t\t\t<\/span>\n\t\t\t\t\t\t\t\t\t\t\t\t\t\t\t\t\t\t\t<span class=\"mil-label mil-upper\">\n\t\t\t\t\t\t\t\t\t\t\t\t\t1 April, 2025\t\t\t\t\t\t\t\t\t\t\t\t<\/span>\n\t\t\t\t\t\t\t\t\t\t\t<\/div>\n\t\t\t\t\t\t\t\t\t\t<h4 class=\"mil-up mil-mb-30\">\n\t\t\t\t\t\t\t\t\t\t\t\tC\u00f3mo evitar que tu texto suene a inteligencia artificial\t\t\t\t\t\t\t\t\t\t\t<\/h4>\n\t\t\t\t\t\t\t\t\t\t<div class=\"mil-post-text mil-up\">\n\t\t\t\t\t\t<p>El feedback \u201cSuena a ChatGPT\u201d es casi una sentencia de muerte creativa. Y con raz\u00f3n.Cuando usamos las mismas herramientas, de.. <span class=\"mil-el-more\"><span class=\"mil-link mil-dark mil-arrow-place mil-up\"><span>Read more<\/span><\/span><\/span><\/p>\n\t\t\t\t\t<\/div>\n\t\t\t\t<\/div>\n\t\t\t<\/div>\n\t\t\t\t<\/a>\n\t\t\t\t<!-- blog card end -->\n\t<\/div>\n<\/div>\n\n<div class=\"col-lg-12\">\n\t<div id=\"post-3248\" class=\"post-3248 post type-post status-publish format-standard has-post-thumbnail hentry category-inspiracion\">\n\t\t<!-- blog card -->\n\t\t\t\t<a href=\"https:\/\/saccocreativegroup.com\/en\/entrenar-la-creatividad\/\" class=\"mil-blog-card mil-blog-card-hori mil-more mil-mb-60\">\n\t\t\t\t\t\t\t\t\t\t\t<div class=\"mil-cover-frame mil-up\">\n\t\t\t\t<img decoding=\"async\" data-src=\"https:\/\/saccocreativegroup.com\/wp-content\/uploads\/2025\/03\/Blog_Portada-linkedin-copia-1-1920x1244.jpg\" alt=\"Entrenar la creatividad: tres ideas para activarla todos los d\u00edas\" src=\"data:image\/svg+xml;base64,PHN2ZyB3aWR0aD0iMSIgaGVpZ2h0PSIxIiB4bWxucz0iaHR0cDovL3d3dy53My5vcmcvMjAwMC9zdmciPjwvc3ZnPg==\" class=\"lazyload\" style=\"--smush-placeholder-width: 1920px; --smush-placeholder-aspect-ratio: 1920\/1244;\" \/>\n\t\t\t<\/div>\n\t\t\t\t\t\t\t\t\t<div class=\"mil-post-descr\">\n\t\t\t\t<div class=\"mil-description\">\n\t\t\t\t\t<div class=\"mil-labels mil-up mil-mb-30\">\n\t\t\t\t\t\t\t\t\t\t\t\t<span class=\"mil-label mil-upper mil-accent\">\n\t\t\t\t\t\t\tInspiraci\u00f3n\t\t\t\t\t\t<\/span>\n\t\t\t\t\t\t\t\t\t\t\t\t\t\t\t\t\t\t\t<span class=\"mil-label mil-upper\">\n\t\t\t\t\t\t\t\t\t\t\t\t\t25 March, 2025\t\t\t\t\t\t\t\t\t\t\t\t<\/span>\n\t\t\t\t\t\t\t\t\t\t\t<\/div>\n\t\t\t\t\t\t\t\t\t\t<h4 class=\"mil-up mil-mb-30\">\n\t\t\t\t\t\t\t\t\t\t\t\tEntrenar la creatividad: tres ideas para activarla todos los d\u00edas\t\t\t\t\t\t\t\t\t\t\t<\/h4>\n\t\t\t\t\t\t\t\t\t\t<div class=\"mil-post-text mil-up\">\n\t\t\t\t\t\t<p>La creatividad no es un rayo divino que cae del cielo (ojal\u00e1 lo fuera). Es m\u00e1s bien un m\u00fasculo que.. <span class=\"mil-el-more\"><span class=\"mil-link mil-dark mil-arrow-place mil-up\"><span>Read more<\/span><\/span><\/span><\/p>\n\t\t\t\t\t<\/div>\n\t\t\t\t<\/div>\n\t\t\t<\/div>\n\t\t\t\t<\/a>\n\t\t\t\t<!-- blog card end -->\n\t<\/div>\n<\/div>\n\n<div class=\"col-lg-12\">\n\t<div id=\"post-3239\" class=\"post-3239 post type-post status-publish format-standard has-post-thumbnail hentry category-sostenibilidad\">\n\t\t<!-- blog card -->\n\t\t\t\t<a href=\"https:\/\/saccocreativegroup.com\/en\/como-pensar-ideas-sostenibles-que-realmente-importen\/\" class=\"mil-blog-card mil-blog-card-hori mil-more mil-mb-60\">\n\t\t\t\t\t\t\t\t\t\t\t<div class=\"mil-cover-frame mil-up\">\n\t\t\t\t<img decoding=\"async\" data-src=\"https:\/\/saccocreativegroup.com\/wp-content\/uploads\/2025\/03\/Ideas-sostenibles_Mesa-de-trabajo-1-copia-3-copy.jpg\" alt=\"C\u00f3mo pensar ideas sostenibles que realmente importen\" src=\"data:image\/svg+xml;base64,PHN2ZyB3aWR0aD0iMSIgaGVpZ2h0PSIxIiB4bWxucz0iaHR0cDovL3d3dy53My5vcmcvMjAwMC9zdmciPjwvc3ZnPg==\" class=\"lazyload\" style=\"--smush-placeholder-width: 1458px; --smush-placeholder-aspect-ratio: 1458\/1458;\" \/>\n\t\t\t<\/div>\n\t\t\t\t\t\t\t\t\t<div class=\"mil-post-descr\">\n\t\t\t\t<div class=\"mil-description\">\n\t\t\t\t\t<div class=\"mil-labels mil-up mil-mb-30\">\n\t\t\t\t\t\t\t\t\t\t\t\t<span class=\"mil-label mil-upper mil-accent\">\n\t\t\t\t\t\t\tSustainability\t\t\t\t\t\t<\/span>\n\t\t\t\t\t\t\t\t\t\t\t\t\t\t\t\t\t\t\t<span class=\"mil-label mil-upper\">\n\t\t\t\t\t\t\t\t\t\t\t\t\t18 March, 2025\t\t\t\t\t\t\t\t\t\t\t\t<\/span>\n\t\t\t\t\t\t\t\t\t\t\t<\/div>\n\t\t\t\t\t\t\t\t\t\t<h4 class=\"mil-up mil-mb-30\">\n\t\t\t\t\t\t\t\t\t\t\t\tC\u00f3mo pensar ideas sostenibles que realmente importen\t\t\t\t\t\t\t\t\t\t\t<\/h4>\n\t\t\t\t\t\t\t\t\t\t<div class=\"mil-post-text mil-up\">\n\t\t\t\t\t\t<p>Queremos ideas que dejen huella, pero no cualquier huella: queremos ideas sostenibles, con impacto positivo (y no de carbono).Si como.. <span class=\"mil-el-more\"><span class=\"mil-link mil-dark mil-arrow-place mil-up\"><span>Read more<\/span><\/span><\/span><\/p>\n\t\t\t\t\t<\/div>\n\t\t\t\t<\/div>\n\t\t\t<\/div>\n\t\t\t\t<\/a>\n\t\t\t\t<!-- blog card end -->\n\t<\/div>\n<\/div>\n\n<div class=\"col-lg-12\">\n\t<div id=\"post-3230\" class=\"post-3230 post type-post status-publish format-standard has-post-thumbnail hentry category-inspiracion\">\n\t\t<!-- blog card -->\n\t\t\t\t<a href=\"https:\/\/saccocreativegroup.com\/en\/una-reflexion-sobre-el-aburrimiento-y-la-creatividad\/\" class=\"mil-blog-card mil-blog-card-hori mil-more mil-mb-60\">\n\t\t\t\t\t\t\t\t\t\t\t<div class=\"mil-cover-frame mil-up\">\n\t\t\t\t<img decoding=\"async\" data-src=\"https:\/\/saccocreativegroup.com\/wp-content\/uploads\/2025\/03\/250217-Sacco-Aburrirse-5x4-1.jpg\" alt=\"Una reflexi\u00f3n sobre el aburrimiento y la creatividad\" src=\"data:image\/svg+xml;base64,PHN2ZyB3aWR0aD0iMSIgaGVpZ2h0PSIxIiB4bWxucz0iaHR0cDovL3d3dy53My5vcmcvMjAwMC9zdmciPjwvc3ZnPg==\" class=\"lazyload\" style=\"--smush-placeholder-width: 675px; --smush-placeholder-aspect-ratio: 675\/540;\" \/>\n\t\t\t<\/div>\n\t\t\t\t\t\t\t\t\t<div class=\"mil-post-descr\">\n\t\t\t\t<div class=\"mil-description\">\n\t\t\t\t\t<div class=\"mil-labels mil-up mil-mb-30\">\n\t\t\t\t\t\t\t\t\t\t\t\t<span class=\"mil-label mil-upper mil-accent\">\n\t\t\t\t\t\t\tInspiraci\u00f3n\t\t\t\t\t\t<\/span>\n\t\t\t\t\t\t\t\t\t\t\t\t\t\t\t\t\t\t\t<span class=\"mil-label mil-upper\">\n\t\t\t\t\t\t\t\t\t\t\t\t\t28 February, 2025\t\t\t\t\t\t\t\t\t\t\t\t<\/span>\n\t\t\t\t\t\t\t\t\t\t\t<\/div>\n\t\t\t\t\t\t\t\t\t\t<h4 class=\"mil-up mil-mb-30\">\n\t\t\t\t\t\t\t\t\t\t\t\tUna reflexi\u00f3n sobre el aburrimiento y la creatividad\t\t\t\t\t\t\t\t\t\t\t<\/h4>\n\t\t\t\t\t\t\t\t\t\t<div class=\"mil-post-text mil-up\">\n\t\t\t\t\t\t<p>Todas las personas que trabajamos en creatividad sabemos que hay baches entre idea e idea. Bloqueo creativo, procrastinaci\u00f3n, falta de.. <span class=\"mil-el-more\"><span class=\"mil-link mil-dark mil-arrow-place mil-up\"><span>Read more<\/span><\/span><\/span><\/p>\n\t\t\t\t\t<\/div>\n\t\t\t\t<\/div>\n\t\t\t<\/div>\n\t\t\t\t<\/a>\n\t\t\t\t<!-- blog card end -->\n\t<\/div>\n<\/div>\n\t\t\t\t\t\t<div class=\"mil-pagination mil-p-90-0\">\n\t\t\t\t<span aria-current=\"page\" class=\"page-numbers current\">1<\/span>\n<a class=\"page-numbers\" href=\"https:\/\/saccocreativegroup.com\/en\/wp-json\/wp\/v2\/pages\/218\/page\/2\/\">2<\/a>\n<a class=\"page-numbers\" href=\"https:\/\/saccocreativegroup.com\/en\/wp-json\/wp\/v2\/pages\/218\/page\/3\/\">3<\/a>\n<span class=\"page-numbers dots\">&hellip;<\/span>\n<a class=\"page-numbers\" href=\"https:\/\/saccocreativegroup.com\/en\/wp-json\/wp\/v2\/pages\/218\/page\/6\/\">6<\/a>\n<a class=\"next page-numbers\" href=\"https:\/\/saccocreativegroup.com\/en\/wp-json\/wp\/v2\/pages\/218\/page\/2\/\">&raquo;<\/a>\t\t\t<\/div>\n\t\t\t\n\t\t\t\n\t\t\t\t\t\t\n\t\t<\/div>\n\n\t\t\t\t\t\t<\/div>\n\t\t\t\t<\/div>\n\t\t\t\t\t<\/div>\n\t\t<\/div>\n\t\t\t\t\t<\/div>\n\t\t<\/section>\n\t\t\t\t\t<\/div>\n\t\t<\/div>\n\t\t\t\t\t<\/div>\n\t\t<\/section>\n\t\t\t\t<\/div>","protected":false},"excerpt":{"rendered":"<p>Home Ideas en movimiento Publicaciones Categor\u00edas: Inspiraci\u00f3n Marketing Todas Inspiraci\u00f3n 9 octubre, 2024 La gran paradoja: m\u00e1s tecnolog\u00eda, m\u00e1s humanidad.. <span class=\"mil-el-more\"><span class=\"mil-link mil-dark mil-arrow-place mil-up\"><span>Read more<\/span><\/span><\/span><\/p>","protected":false},"author":1,"featured_media":0,"parent":0,"menu_order":0,"comment_status":"closed","ping_status":"closed","template":"template-layout-builder.php","meta":{"_acf_changed":false,"footnotes":""},"class_list":["post-218","page","type-page","status-publish","hentry"],"acf":[],"yoast_head":"<!-- This site is optimized with the Yoast SEO plugin v27.4 - https:\/\/yoast.com\/product\/yoast-seo-wordpress\/ -->\n<title>Blog - Sacco Creative Group<\/title>\n<meta name=\"robots\" content=\"index, follow, max-snippet:-1, max-image-preview:large, max-video-preview:-1\" \/>\n<link rel=\"canonical\" href=\"https:\/\/saccocreativegroup.com\/en\/blog\/\" \/>\n<meta property=\"og:locale\" content=\"en_US\" \/>\n<meta property=\"og:type\" content=\"article\" \/>\n<meta property=\"og:title\" content=\"Blog - Sacco Creative Group\" \/>\n<meta property=\"og:description\" content=\"Home Ideas en movimiento Publicaciones Categor\u00edas: Inspiraci\u00f3n Marketing Todas Inspiraci\u00f3n 9 octubre, 2024 La gran paradoja: m\u00e1s tecnolog\u00eda, m\u00e1s humanidad.. Read more\" \/>\n<meta property=\"og:url\" content=\"https:\/\/saccocreativegroup.com\/en\/blog\/\" \/>\n<meta property=\"og:site_name\" content=\"Sacco Creative Group\" \/>\n<meta property=\"article:modified_time\" content=\"2024-10-15T14:18:55+00:00\" \/>\n<meta property=\"og:image\" content=\"https:\/\/saccocreativegroup.com\/wp-content\/uploads\/2024\/10\/Portadas-Blog-4.jpg\" \/>\n<meta name=\"twitter:card\" content=\"summary_large_image\" \/>\n<meta name=\"twitter:label1\" content=\"Est. reading time\" \/>\n\t<meta name=\"twitter:data1\" content=\"5 minutes\" \/>\n<script type=\"application\/ld+json\" class=\"yoast-schema-graph\">{\"@context\":\"https:\\\/\\\/schema.org\",\"@graph\":[{\"@type\":\"WebPage\",\"@id\":\"https:\\\/\\\/saccocreativegroup.com\\\/blog\\\/\",\"url\":\"https:\\\/\\\/saccocreativegroup.com\\\/blog\\\/\",\"name\":\"Blog - Sacco Creative Group\",\"isPartOf\":{\"@id\":\"https:\\\/\\\/saccocreativegroup.com\\\/#website\"},\"primaryImageOfPage\":{\"@id\":\"https:\\\/\\\/saccocreativegroup.com\\\/blog\\\/#primaryimage\"},\"image\":{\"@id\":\"https:\\\/\\\/saccocreativegroup.com\\\/blog\\\/#primaryimage\"},\"thumbnailUrl\":\"https:\\\/\\\/saccocreativegroup.com\\\/wp-content\\\/uploads\\\/2024\\\/10\\\/Portadas-Blog-4.jpg\",\"datePublished\":\"2023-11-06T13:51:28+00:00\",\"dateModified\":\"2024-10-15T14:18:55+00:00\",\"breadcrumb\":{\"@id\":\"https:\\\/\\\/saccocreativegroup.com\\\/blog\\\/#breadcrumb\"},\"inLanguage\":\"en-US\",\"potentialAction\":[{\"@type\":\"ReadAction\",\"target\":[\"https:\\\/\\\/saccocreativegroup.com\\\/blog\\\/\"]}]},{\"@type\":\"ImageObject\",\"inLanguage\":\"en-US\",\"@id\":\"https:\\\/\\\/saccocreativegroup.com\\\/blog\\\/#primaryimage\",\"url\":\"https:\\\/\\\/saccocreativegroup.com\\\/wp-content\\\/uploads\\\/2024\\\/10\\\/Portadas-Blog-4.jpg\",\"contentUrl\":\"https:\\\/\\\/saccocreativegroup.com\\\/wp-content\\\/uploads\\\/2024\\\/10\\\/Portadas-Blog-4.jpg\"},{\"@type\":\"BreadcrumbList\",\"@id\":\"https:\\\/\\\/saccocreativegroup.com\\\/blog\\\/#breadcrumb\",\"itemListElement\":[{\"@type\":\"ListItem\",\"position\":1,\"name\":\"Inicio\",\"item\":\"https:\\\/\\\/saccocreativegroup.com\\\/\"},{\"@type\":\"ListItem\",\"position\":2,\"name\":\"Blog\"}]},{\"@type\":\"WebSite\",\"@id\":\"https:\\\/\\\/saccocreativegroup.com\\\/#website\",\"url\":\"https:\\\/\\\/saccocreativegroup.com\\\/\",\"name\":\"Sacco Creative Group\",\"description\":\"\",\"potentialAction\":[{\"@type\":\"SearchAction\",\"target\":{\"@type\":\"EntryPoint\",\"urlTemplate\":\"https:\\\/\\\/saccocreativegroup.com\\\/?s={search_term_string}\"},\"query-input\":{\"@type\":\"PropertyValueSpecification\",\"valueRequired\":true,\"valueName\":\"search_term_string\"}}],\"inLanguage\":\"en-US\"}]}<\/script>\n<!-- \/ Yoast SEO plugin. -->","yoast_head_json":{"title":"Blog - Sacco Creative Group","robots":{"index":"index","follow":"follow","max-snippet":"max-snippet:-1","max-image-preview":"max-image-preview:large","max-video-preview":"max-video-preview:-1"},"canonical":"https:\/\/saccocreativegroup.com\/en\/blog\/","og_locale":"en_US","og_type":"article","og_title":"Blog - Sacco Creative Group","og_description":"Home Ideas en movimiento Publicaciones Categor\u00edas: Inspiraci\u00f3n Marketing Todas Inspiraci\u00f3n 9 octubre, 2024 La gran paradoja: m\u00e1s tecnolog\u00eda, m\u00e1s humanidad.. Read more","og_url":"https:\/\/saccocreativegroup.com\/en\/blog\/","og_site_name":"Sacco Creative Group","article_modified_time":"2024-10-15T14:18:55+00:00","og_image":[{"url":"https:\/\/saccocreativegroup.com\/wp-content\/uploads\/2024\/10\/Portadas-Blog-4.jpg","type":"","width":"","height":""}],"twitter_card":"summary_large_image","twitter_misc":{"Est. reading time":"5 minutes"},"schema":{"@context":"https:\/\/schema.org","@graph":[{"@type":"WebPage","@id":"https:\/\/saccocreativegroup.com\/blog\/","url":"https:\/\/saccocreativegroup.com\/blog\/","name":"Blog - Sacco Creative Group","isPartOf":{"@id":"https:\/\/saccocreativegroup.com\/#website"},"primaryImageOfPage":{"@id":"https:\/\/saccocreativegroup.com\/blog\/#primaryimage"},"image":{"@id":"https:\/\/saccocreativegroup.com\/blog\/#primaryimage"},"thumbnailUrl":"https:\/\/saccocreativegroup.com\/wp-content\/uploads\/2024\/10\/Portadas-Blog-4.jpg","datePublished":"2023-11-06T13:51:28+00:00","dateModified":"2024-10-15T14:18:55+00:00","breadcrumb":{"@id":"https:\/\/saccocreativegroup.com\/blog\/#breadcrumb"},"inLanguage":"en-US","potentialAction":[{"@type":"ReadAction","target":["https:\/\/saccocreativegroup.com\/blog\/"]}]},{"@type":"ImageObject","inLanguage":"en-US","@id":"https:\/\/saccocreativegroup.com\/blog\/#primaryimage","url":"https:\/\/saccocreativegroup.com\/wp-content\/uploads\/2024\/10\/Portadas-Blog-4.jpg","contentUrl":"https:\/\/saccocreativegroup.com\/wp-content\/uploads\/2024\/10\/Portadas-Blog-4.jpg"},{"@type":"BreadcrumbList","@id":"https:\/\/saccocreativegroup.com\/blog\/#breadcrumb","itemListElement":[{"@type":"ListItem","position":1,"name":"Inicio","item":"https:\/\/saccocreativegroup.com\/"},{"@type":"ListItem","position":2,"name":"Blog"}]},{"@type":"WebSite","@id":"https:\/\/saccocreativegroup.com\/#website","url":"https:\/\/saccocreativegroup.com\/","name":"Sacco Creative Group","description":"","potentialAction":[{"@type":"SearchAction","target":{"@type":"EntryPoint","urlTemplate":"https:\/\/saccocreativegroup.com\/?s={search_term_string}"},"query-input":{"@type":"PropertyValueSpecification","valueRequired":true,"valueName":"search_term_string"}}],"inLanguage":"en-US"}]}},"_links":{"self":[{"href":"https:\/\/saccocreativegroup.com\/en\/wp-json\/wp\/v2\/pages\/218","targetHints":{"allow":["GET"]}}],"collection":[{"href":"https:\/\/saccocreativegroup.com\/en\/wp-json\/wp\/v2\/pages"}],"about":[{"href":"https:\/\/saccocreativegroup.com\/en\/wp-json\/wp\/v2\/types\/page"}],"author":[{"embeddable":true,"href":"https:\/\/saccocreativegroup.com\/en\/wp-json\/wp\/v2\/users\/1"}],"replies":[{"embeddable":true,"href":"https:\/\/saccocreativegroup.com\/en\/wp-json\/wp\/v2\/comments?post=218"}],"version-history":[{"count":49,"href":"https:\/\/saccocreativegroup.com\/en\/wp-json\/wp\/v2\/pages\/218\/revisions"}],"predecessor-version":[{"id":2986,"href":"https:\/\/saccocreativegroup.com\/en\/wp-json\/wp\/v2\/pages\/218\/revisions\/2986"}],"wp:attachment":[{"href":"https:\/\/saccocreativegroup.com\/en\/wp-json\/wp\/v2\/media?parent=218"}],"curies":[{"name":"wp","href":"https:\/\/api.w.org\/{rel}","templated":true}]}}