{"id":3262,"date":"2025-04-15T11:55:52","date_gmt":"2025-04-15T14:55:52","guid":{"rendered":"https:\/\/saccocreativegroup.com\/?page_id=3262"},"modified":"2025-05-06T14:14:32","modified_gmt":"2025-05-06T17:14:32","slug":"nosotros","status":"publish","type":"page","link":"https:\/\/saccocreativegroup.com\/en\/nosotros\/","title":{"rendered":"Nosotros"},"content":{"rendered":"<div data-elementor-type=\"wp-page\" data-elementor-id=\"3262\" class=\"elementor elementor-3262\">\n\t\t\t\t\t\t<section class=\"elementor-section elementor-top-section elementor-element elementor-element-e600179 elementor-section-content-middle elementor-section-boxed elementor-section-height-default elementor-section-height-default\" data-id=\"e600179\" data-element_type=\"section\" data-e-type=\"section\" id=\"somos\" data-settings=\"{&quot;background_background&quot;:&quot;classic&quot;}\">\n\t\t\t\t\t\t<div class=\"elementor-container elementor-column-gap-default\">\n\t\t\t\t\t<div class=\"elementor-column elementor-col-100 elementor-top-column elementor-element elementor-element-f7e0378\" data-id=\"f7e0378\" data-element_type=\"column\" data-e-type=\"column\">\n\t\t\t<div class=\"elementor-widget-wrap elementor-element-populated\">\n\t\t\t\t<div class=\"elementor-element elementor-element-b8859b8 e-flex e-con-boxed e-con e-parent\" data-id=\"b8859b8\" data-element_type=\"container\" data-e-type=\"container\">\n\t\t\t\t\t<div class=\"e-con-inner\">\n\t\t\t\t<div class=\"elementor-element elementor-element-64697fa elementor-widget elementor-widget-ashley-about-us\" data-id=\"64697fa\" data-element_type=\"widget\" data-e-type=\"widget\" data-widget_type=\"ashley-about-us.default\">\n\t\t\t\t<div class=\"elementor-widget-container\">\n\t\t\t\t\t\n\t\t\n\t\t\t\t<h2 class=\"mil-h2 mil-title-el mil-up mil-mb-30\">\n\t\t\t<span >\n\t\t\t\t<span class=\"mil-thin\">Somos<\/span> realizadores de ideas\t\t\t<\/span>\n\t\t<\/h2>\n\t\t\n\t\t\t\t\t\t<\/div>\n\t\t\t\t<\/div>\n\t\t\t\t\t<\/div>\n\t\t\t\t<\/div>\n\t\t<div class=\"elementor-element elementor-element-280567c e-flex e-con-boxed e-con e-parent\" data-id=\"280567c\" data-element_type=\"container\" data-e-type=\"container\">\n\t\t\t\t\t<div class=\"e-con-inner\">\n\t\t<div class=\"elementor-element elementor-element-050770d e-con-full e-flex e-con e-child\" data-id=\"050770d\" data-element_type=\"container\" data-e-type=\"container\">\n\t\t\t\t<div class=\"elementor-element elementor-element-c2af62d elementor-invisible elementor-widget elementor-widget-image\" data-id=\"c2af62d\" data-element_type=\"widget\" data-e-type=\"widget\" data-settings=\"{&quot;_animation&quot;:&quot;zoomIn&quot;,&quot;_animation_delay&quot;:0}\" data-widget_type=\"image.default\">\n\t\t\t\t<div class=\"elementor-widget-container\">\n\t\t\t\t\t\t\t\t\t\t\t\t\t\t\t<img fetchpriority=\"high\" decoding=\"async\" width=\"370\" height=\"501\" src=\"https:\/\/saccocreativegroup.com\/wp-content\/uploads\/2025\/04\/mision.png\" class=\"attachment-full size-full wp-image-3266\" alt=\"\" srcset=\"https:\/\/saccocreativegroup.com\/wp-content\/uploads\/2025\/04\/mision.png 370w, https:\/\/saccocreativegroup.com\/wp-content\/uploads\/2025\/04\/mision-222x300.png 222w, https:\/\/saccocreativegroup.com\/wp-content\/uploads\/2025\/04\/mision-9x12.png 9w\" sizes=\"(max-width: 370px) 100vw, 370px\" \/>\t\t\t\t\t\t\t\t\t\t\t\t\t\t\t<\/div>\n\t\t\t\t<\/div>\n\t\t\t\t<\/div>\n\t\t<div class=\"elementor-element elementor-element-154cef7 e-con-full e-flex e-con e-child\" data-id=\"154cef7\" data-element_type=\"container\" data-e-type=\"container\">\n\t\t\t\t<div class=\"elementor-element elementor-element-9dca76f elementor-invisible elementor-widget elementor-widget-image\" data-id=\"9dca76f\" data-element_type=\"widget\" data-e-type=\"widget\" data-settings=\"{&quot;_animation&quot;:&quot;zoomIn&quot;,&quot;_animation_delay&quot;:1}\" data-widget_type=\"image.default\">\n\t\t\t\t<div class=\"elementor-widget-container\">\n\t\t\t\t\t\t\t\t\t\t\t\t\t\t\t<img decoding=\"async\" width=\"370\" height=\"501\" data-src=\"https:\/\/saccocreativegroup.com\/wp-content\/uploads\/2025\/04\/vision.png\" class=\"attachment-full size-full wp-image-3267 lazyload\" alt=\"\" data-srcset=\"https:\/\/saccocreativegroup.com\/wp-content\/uploads\/2025\/04\/vision.png 370w, https:\/\/saccocreativegroup.com\/wp-content\/uploads\/2025\/04\/vision-222x300.png 222w, https:\/\/saccocreativegroup.com\/wp-content\/uploads\/2025\/04\/vision-9x12.png 9w\" data-sizes=\"(max-width: 370px) 100vw, 370px\" src=\"data:image\/svg+xml;base64,PHN2ZyB3aWR0aD0iMSIgaGVpZ2h0PSIxIiB4bWxucz0iaHR0cDovL3d3dy53My5vcmcvMjAwMC9zdmciPjwvc3ZnPg==\" style=\"--smush-placeholder-width: 370px; --smush-placeholder-aspect-ratio: 370\/501;\" \/>\t\t\t\t\t\t\t\t\t\t\t\t\t\t\t<\/div>\n\t\t\t\t<\/div>\n\t\t\t\t<\/div>\n\t\t<div class=\"elementor-element elementor-element-96edf10 e-con-full e-flex e-con e-child\" data-id=\"96edf10\" data-element_type=\"container\" data-e-type=\"container\">\n\t\t\t\t<div class=\"elementor-element elementor-element-1921240 elementor-invisible elementor-widget elementor-widget-image\" data-id=\"1921240\" data-element_type=\"widget\" data-e-type=\"widget\" data-settings=\"{&quot;_animation&quot;:&quot;zoomIn&quot;,&quot;_animation_delay&quot;:2}\" data-widget_type=\"image.default\">\n\t\t\t\t<div class=\"elementor-widget-container\">\n\t\t\t\t\t\t\t\t\t\t\t\t\t\t\t<img decoding=\"async\" width=\"370\" height=\"501\" data-src=\"https:\/\/saccocreativegroup.com\/wp-content\/uploads\/2025\/04\/valores.png\" class=\"attachment-full size-full wp-image-3268 lazyload\" alt=\"\" data-srcset=\"https:\/\/saccocreativegroup.com\/wp-content\/uploads\/2025\/04\/valores.png 370w, https:\/\/saccocreativegroup.com\/wp-content\/uploads\/2025\/04\/valores-222x300.png 222w, https:\/\/saccocreativegroup.com\/wp-content\/uploads\/2025\/04\/valores-9x12.png 9w\" data-sizes=\"(max-width: 370px) 100vw, 370px\" src=\"data:image\/svg+xml;base64,PHN2ZyB3aWR0aD0iMSIgaGVpZ2h0PSIxIiB4bWxucz0iaHR0cDovL3d3dy53My5vcmcvMjAwMC9zdmciPjwvc3ZnPg==\" style=\"--smush-placeholder-width: 370px; --smush-placeholder-aspect-ratio: 370\/501;\" \/>\t\t\t\t\t\t\t\t\t\t\t\t\t\t\t<\/div>\n\t\t\t\t<\/div>\n\t\t\t\t<\/div>\n\t\t\t\t\t<\/div>\n\t\t\t\t<\/div>\n\t\t\t\t\t<\/div>\n\t\t<\/div>\n\t\t\t\t\t<\/div>\n\t\t<\/section>\n\t\t<div class=\"elementor-element elementor-element-9649dea e-con-full e-flex e-con e-parent\" data-id=\"9649dea\" data-element_type=\"container\" data-e-type=\"container\" id=\"blog\" data-settings=\"{&quot;background_background&quot;:&quot;classic&quot;}\">\n\t\t\t\t<div class=\"elementor-element elementor-element-8817ec5 elementor-widget elementor-widget-spacer\" data-id=\"8817ec5\" data-element_type=\"widget\" data-e-type=\"widget\" data-widget_type=\"spacer.default\">\n\t\t\t\t<div class=\"elementor-widget-container\">\n\t\t\t\t\t\t\t<div class=\"elementor-spacer\">\n\t\t\t<div class=\"elementor-spacer-inner\"><\/div>\n\t\t<\/div>\n\t\t\t\t\t\t<\/div>\n\t\t\t\t<\/div>\n\t\t<div class=\"elementor-element elementor-element-192ff9f e-flex e-con-boxed e-con e-child\" data-id=\"192ff9f\" data-element_type=\"container\" data-e-type=\"container\">\n\t\t\t\t\t<div class=\"e-con-inner\">\n\t\t\t\t<div class=\"elementor-element elementor-element-bab6427 elementor-widget elementor-widget-spacer\" data-id=\"bab6427\" data-element_type=\"widget\" data-e-type=\"widget\" data-widget_type=\"spacer.default\">\n\t\t\t\t<div class=\"elementor-widget-container\">\n\t\t\t\t\t\t\t<div class=\"elementor-spacer\">\n\t\t\t<div class=\"elementor-spacer-inner\"><\/div>\n\t\t<\/div>\n\t\t\t\t\t\t<\/div>\n\t\t\t\t<\/div>\n\t\t<div class=\"elementor-element elementor-element-a5c9a7e e-con-full e-flex e-con e-child\" data-id=\"a5c9a7e\" data-element_type=\"container\" data-e-type=\"container\">\n\t\t\t\t<div class=\"elementor-element elementor-element-8df5f53 elementor-absolute elementor-invisible elementor-widget elementor-widget-image\" data-id=\"8df5f53\" data-element_type=\"widget\" data-e-type=\"widget\" data-settings=\"{&quot;_position&quot;:&quot;absolute&quot;,&quot;_animation&quot;:&quot;fadeInLeft&quot;}\" data-widget_type=\"image.default\">\n\t\t\t\t<div class=\"elementor-widget-container\">\n\t\t\t\t\t\t\t\t\t\t\t\t\t\t\t<img decoding=\"async\" width=\"940\" height=\"1215\" data-src=\"https:\/\/saccocreativegroup.com\/wp-content\/uploads\/2025\/04\/bulb.png\" class=\"attachment-full size-full wp-image-3304 lazyload\" alt=\"\" data-srcset=\"https:\/\/saccocreativegroup.com\/wp-content\/uploads\/2025\/04\/bulb.png 940w, https:\/\/saccocreativegroup.com\/wp-content\/uploads\/2025\/04\/bulb-232x300.png 232w, https:\/\/saccocreativegroup.com\/wp-content\/uploads\/2025\/04\/bulb-792x1024.png 792w, https:\/\/saccocreativegroup.com\/wp-content\/uploads\/2025\/04\/bulb-768x993.png 768w, https:\/\/saccocreativegroup.com\/wp-content\/uploads\/2025\/04\/bulb-9x12.png 9w\" data-sizes=\"(max-width: 940px) 100vw, 940px\" src=\"data:image\/svg+xml;base64,PHN2ZyB3aWR0aD0iMSIgaGVpZ2h0PSIxIiB4bWxucz0iaHR0cDovL3d3dy53My5vcmcvMjAwMC9zdmciPjwvc3ZnPg==\" style=\"--smush-placeholder-width: 940px; --smush-placeholder-aspect-ratio: 940\/1215;\" \/>\t\t\t\t\t\t\t\t\t\t\t\t\t\t\t<\/div>\n\t\t\t\t<\/div>\n\t\t\t\t<\/div>\n\t\t<div class=\"elementor-element elementor-element-049faae e-con-full e-flex e-con e-child\" data-id=\"049faae\" data-element_type=\"container\" data-e-type=\"container\">\n\t\t\t\t<div class=\"elementor-element elementor-element-2ce9377 elementor-absolute multiply elementor-invisible elementor-widget elementor-widget-image\" data-id=\"2ce9377\" data-element_type=\"widget\" data-e-type=\"widget\" data-settings=\"{&quot;_position&quot;:&quot;absolute&quot;,&quot;_animation&quot;:&quot;fadeInUp&quot;}\" data-widget_type=\"image.default\">\n\t\t\t\t<div class=\"elementor-widget-container\">\n\t\t\t\t\t\t\t\t\t\t\t\t\t\t\t<img decoding=\"async\" width=\"344\" height=\"773\" data-src=\"https:\/\/saccocreativegroup.com\/wp-content\/uploads\/2025\/04\/franja.png\" class=\"attachment-full size-full wp-image-3306 lazyload\" alt=\"\" data-srcset=\"https:\/\/saccocreativegroup.com\/wp-content\/uploads\/2025\/04\/franja.png 344w, https:\/\/saccocreativegroup.com\/wp-content\/uploads\/2025\/04\/franja-134x300.png 134w, https:\/\/saccocreativegroup.com\/wp-content\/uploads\/2025\/04\/franja-5x12.png 5w\" data-sizes=\"(max-width: 344px) 100vw, 344px\" src=\"data:image\/svg+xml;base64,PHN2ZyB3aWR0aD0iMSIgaGVpZ2h0PSIxIiB4bWxucz0iaHR0cDovL3d3dy53My5vcmcvMjAwMC9zdmciPjwvc3ZnPg==\" style=\"--smush-placeholder-width: 344px; --smush-placeholder-aspect-ratio: 344\/773;\" \/>\t\t\t\t\t\t\t\t\t\t\t\t\t\t\t<\/div>\n\t\t\t\t<\/div>\n\t\t\t\t<div class=\"elementor-element elementor-element-a31a311 elementor-widget elementor-widget-ashley-about-us\" data-id=\"a31a311\" data-element_type=\"widget\" data-e-type=\"widget\" data-widget_type=\"ashley-about-us.default\">\n\t\t\t\t<div class=\"elementor-widget-container\">\n\t\t\t\t\t\n\t\t\n\t\t\t\t<h3 class=\"mil-h3 mil-title-el mil-up mil-mb-30\">\n\t\t\t<span >\n\t\t\t\t<span class=\"mil-thin\" style=\"color:black\">We believe in <\/span> poder transformador <span class=\"mil-thin\" style=\"color:black\">de la creatividad<\/span>\t\t\t<\/span>\n\t\t<\/h3>\n\t\t\n\t\t\t\t\t\t<\/div>\n\t\t\t\t<\/div>\n\t\t\t\t<div class=\"elementor-element elementor-element-71f350d elementor-widget elementor-widget-text-editor\" data-id=\"71f350d\" data-element_type=\"widget\" data-e-type=\"widget\" data-widget_type=\"text-editor.default\">\n\t\t\t\t<div class=\"elementor-widget-container\">\n\t\t\t\t\t\t\t\t\t<p>En el camino hacia un <strong>futuro m\u00e1s justo y responsable<\/strong>, solo juntos podemos convertir el cambio en una fuerza imparable.<\/p><p>\u00a0<\/p><p><strong>Necesitamos marcas valientes<\/strong>, que se atrevan a hacer las cosas de manera diferente.<\/p><p>\u00a0<\/p><p><strong>Necesitamos agencias creativas<\/strong> que fomenten la innovaci\u00f3n y la sostenibilidad como pilares de cada proyecto.<\/p><p>\u00a0<\/p><p><strong>Necesitamos personas comprometidas<\/strong>, que asuman cada elecci\u00f3n como un acto de responsabilidad.<\/p><p>\u00a0<\/p><p>Cada uno, desde el propio rol, tiene el poder de ser un <strong>agente de cambio<\/strong>, de crear nuevas narrativas y, lo m\u00e1s importante, de hacerlo bien.<\/p><p>\u00a0<\/p><p>En <strong>Sacco Creative Group<\/strong> creamos contenidos, estrategias de marketing y experiencias memorables. Acomp\u00e1\u00f1anos en este viaje hacia un futuro m\u00e1s inspirador.<\/p>\t\t\t\t\t\t\t\t<\/div>\n\t\t\t\t<\/div>\n\t\t\t\t<\/div>\n\t\t\t\t\t<\/div>\n\t\t\t\t<\/div>\n\t\t\t\t<div class=\"elementor-element elementor-element-875fe6d elementor-widget elementor-widget-spacer\" data-id=\"875fe6d\" data-element_type=\"widget\" data-e-type=\"widget\" data-widget_type=\"spacer.default\">\n\t\t\t\t<div class=\"elementor-widget-container\">\n\t\t\t\t\t\t\t<div class=\"elementor-spacer\">\n\t\t\t<div class=\"elementor-spacer-inner\"><\/div>\n\t\t<\/div>\n\t\t\t\t\t\t<\/div>\n\t\t\t\t<\/div>\n\t\t\t\t<\/div>\n\t\t\t\t<\/div>","protected":false},"excerpt":{"rendered":"<p>Somos realizadores de ideas Creemos en el poder transformador de la creatividad En el camino hacia un futuro m\u00e1s justo.. <span class=\"mil-el-more\"><span class=\"mil-link mil-dark mil-arrow-place mil-up\"><span>Read more<\/span><\/span><\/span><\/p>","protected":false},"author":1,"featured_media":0,"parent":0,"menu_order":0,"comment_status":"closed","ping_status":"closed","template":"template-layout-builder.php","meta":{"_acf_changed":false,"footnotes":""},"class_list":["post-3262","page","type-page","status-publish","hentry"],"acf":[],"yoast_head":"<!-- This site is optimized with the Yoast SEO plugin v27.4 - https:\/\/yoast.com\/product\/yoast-seo-wordpress\/ -->\n<title>Nosotros - Sacco Creative Group<\/title>\n<meta name=\"robots\" content=\"index, follow, max-snippet:-1, max-image-preview:large, max-video-preview:-1\" \/>\n<link rel=\"canonical\" href=\"https:\/\/saccocreativegroup.com\/en\/nosotros\/\" \/>\n<meta property=\"og:locale\" content=\"en_US\" \/>\n<meta property=\"og:type\" content=\"article\" \/>\n<meta property=\"og:title\" content=\"Nosotros - Sacco Creative Group\" \/>\n<meta property=\"og:description\" content=\"Somos realizadores de ideas Creemos en el poder transformador de la creatividad En el camino hacia un futuro m\u00e1s justo.. Read more\" \/>\n<meta property=\"og:url\" content=\"https:\/\/saccocreativegroup.com\/en\/nosotros\/\" \/>\n<meta property=\"og:site_name\" content=\"Sacco Creative Group\" \/>\n<meta property=\"article:modified_time\" content=\"2025-05-06T17:14:32+00:00\" \/>\n<meta property=\"og:image\" content=\"https:\/\/saccocreativegroup.com\/wp-content\/uploads\/2025\/04\/mision.png\" \/>\n\t<meta property=\"og:image:width\" content=\"370\" \/>\n\t<meta property=\"og:image:height\" content=\"501\" \/>\n\t<meta property=\"og:image:type\" content=\"image\/png\" \/>\n<meta name=\"twitter:card\" content=\"summary_large_image\" \/>\n<meta name=\"twitter:label1\" content=\"Est. reading time\" \/>\n\t<meta name=\"twitter:data1\" content=\"2 minutes\" \/>\n<script type=\"application\/ld+json\" class=\"yoast-schema-graph\">{\"@context\":\"https:\\\/\\\/schema.org\",\"@graph\":[{\"@type\":\"WebPage\",\"@id\":\"https:\\\/\\\/saccocreativegroup.com\\\/nosotros\\\/\",\"url\":\"https:\\\/\\\/saccocreativegroup.com\\\/nosotros\\\/\",\"name\":\"Nosotros - Sacco Creative Group\",\"isPartOf\":{\"@id\":\"https:\\\/\\\/saccocreativegroup.com\\\/#website\"},\"primaryImageOfPage\":{\"@id\":\"https:\\\/\\\/saccocreativegroup.com\\\/nosotros\\\/#primaryimage\"},\"image\":{\"@id\":\"https:\\\/\\\/saccocreativegroup.com\\\/nosotros\\\/#primaryimage\"},\"thumbnailUrl\":\"https:\\\/\\\/saccocreativegroup.com\\\/wp-content\\\/uploads\\\/2025\\\/04\\\/mision.png\",\"datePublished\":\"2025-04-15T14:55:52+00:00\",\"dateModified\":\"2025-05-06T17:14:32+00:00\",\"breadcrumb\":{\"@id\":\"https:\\\/\\\/saccocreativegroup.com\\\/nosotros\\\/#breadcrumb\"},\"inLanguage\":\"en-US\",\"potentialAction\":[{\"@type\":\"ReadAction\",\"target\":[\"https:\\\/\\\/saccocreativegroup.com\\\/nosotros\\\/\"]}]},{\"@type\":\"ImageObject\",\"inLanguage\":\"en-US\",\"@id\":\"https:\\\/\\\/saccocreativegroup.com\\\/nosotros\\\/#primaryimage\",\"url\":\"https:\\\/\\\/saccocreativegroup.com\\\/wp-content\\\/uploads\\\/2025\\\/04\\\/mision.png\",\"contentUrl\":\"https:\\\/\\\/saccocreativegroup.com\\\/wp-content\\\/uploads\\\/2025\\\/04\\\/mision.png\"},{\"@type\":\"BreadcrumbList\",\"@id\":\"https:\\\/\\\/saccocreativegroup.com\\\/nosotros\\\/#breadcrumb\",\"itemListElement\":[{\"@type\":\"ListItem\",\"position\":1,\"name\":\"Inicio\",\"item\":\"https:\\\/\\\/saccocreativegroup.com\\\/\"},{\"@type\":\"ListItem\",\"position\":2,\"name\":\"Nosotros\"}]},{\"@type\":\"WebSite\",\"@id\":\"https:\\\/\\\/saccocreativegroup.com\\\/#website\",\"url\":\"https:\\\/\\\/saccocreativegroup.com\\\/\",\"name\":\"Sacco Creative Group\",\"description\":\"\",\"potentialAction\":[{\"@type\":\"SearchAction\",\"target\":{\"@type\":\"EntryPoint\",\"urlTemplate\":\"https:\\\/\\\/saccocreativegroup.com\\\/?s={search_term_string}\"},\"query-input\":{\"@type\":\"PropertyValueSpecification\",\"valueRequired\":true,\"valueName\":\"search_term_string\"}}],\"inLanguage\":\"en-US\"}]}<\/script>\n<!-- \/ Yoast SEO plugin. -->","yoast_head_json":{"title":"Nosotros - Sacco Creative Group","robots":{"index":"index","follow":"follow","max-snippet":"max-snippet:-1","max-image-preview":"max-image-preview:large","max-video-preview":"max-video-preview:-1"},"canonical":"https:\/\/saccocreativegroup.com\/en\/nosotros\/","og_locale":"en_US","og_type":"article","og_title":"Nosotros - Sacco Creative Group","og_description":"Somos realizadores de ideas Creemos en el poder transformador de la creatividad En el camino hacia un futuro m\u00e1s justo.. Read more","og_url":"https:\/\/saccocreativegroup.com\/en\/nosotros\/","og_site_name":"Sacco Creative Group","article_modified_time":"2025-05-06T17:14:32+00:00","og_image":[{"width":370,"height":501,"url":"https:\/\/saccocreativegroup.com\/wp-content\/uploads\/2025\/04\/mision.png","type":"image\/png"}],"twitter_card":"summary_large_image","twitter_misc":{"Est. reading time":"2 minutes"},"schema":{"@context":"https:\/\/schema.org","@graph":[{"@type":"WebPage","@id":"https:\/\/saccocreativegroup.com\/nosotros\/","url":"https:\/\/saccocreativegroup.com\/nosotros\/","name":"Nosotros - Sacco Creative Group","isPartOf":{"@id":"https:\/\/saccocreativegroup.com\/#website"},"primaryImageOfPage":{"@id":"https:\/\/saccocreativegroup.com\/nosotros\/#primaryimage"},"image":{"@id":"https:\/\/saccocreativegroup.com\/nosotros\/#primaryimage"},"thumbnailUrl":"https:\/\/saccocreativegroup.com\/wp-content\/uploads\/2025\/04\/mision.png","datePublished":"2025-04-15T14:55:52+00:00","dateModified":"2025-05-06T17:14:32+00:00","breadcrumb":{"@id":"https:\/\/saccocreativegroup.com\/nosotros\/#breadcrumb"},"inLanguage":"en-US","potentialAction":[{"@type":"ReadAction","target":["https:\/\/saccocreativegroup.com\/nosotros\/"]}]},{"@type":"ImageObject","inLanguage":"en-US","@id":"https:\/\/saccocreativegroup.com\/nosotros\/#primaryimage","url":"https:\/\/saccocreativegroup.com\/wp-content\/uploads\/2025\/04\/mision.png","contentUrl":"https:\/\/saccocreativegroup.com\/wp-content\/uploads\/2025\/04\/mision.png"},{"@type":"BreadcrumbList","@id":"https:\/\/saccocreativegroup.com\/nosotros\/#breadcrumb","itemListElement":[{"@type":"ListItem","position":1,"name":"Inicio","item":"https:\/\/saccocreativegroup.com\/"},{"@type":"ListItem","position":2,"name":"Nosotros"}]},{"@type":"WebSite","@id":"https:\/\/saccocreativegroup.com\/#website","url":"https:\/\/saccocreativegroup.com\/","name":"Sacco Creative Group","description":"","potentialAction":[{"@type":"SearchAction","target":{"@type":"EntryPoint","urlTemplate":"https:\/\/saccocreativegroup.com\/?s={search_term_string}"},"query-input":{"@type":"PropertyValueSpecification","valueRequired":true,"valueName":"search_term_string"}}],"inLanguage":"en-US"}]}},"_links":{"self":[{"href":"https:\/\/saccocreativegroup.com\/en\/wp-json\/wp\/v2\/pages\/3262","targetHints":{"allow":["GET"]}}],"collection":[{"href":"https:\/\/saccocreativegroup.com\/en\/wp-json\/wp\/v2\/pages"}],"about":[{"href":"https:\/\/saccocreativegroup.com\/en\/wp-json\/wp\/v2\/types\/page"}],"author":[{"embeddable":true,"href":"https:\/\/saccocreativegroup.com\/en\/wp-json\/wp\/v2\/users\/1"}],"replies":[{"embeddable":true,"href":"https:\/\/saccocreativegroup.com\/en\/wp-json\/wp\/v2\/comments?post=3262"}],"version-history":[{"count":94,"href":"https:\/\/saccocreativegroup.com\/en\/wp-json\/wp\/v2\/pages\/3262\/revisions"}],"predecessor-version":[{"id":3429,"href":"https:\/\/saccocreativegroup.com\/en\/wp-json\/wp\/v2\/pages\/3262\/revisions\/3429"}],"wp:attachment":[{"href":"https:\/\/saccocreativegroup.com\/en\/wp-json\/wp\/v2\/media?parent=3262"}],"curies":[{"name":"wp","href":"https:\/\/api.w.org\/{rel}","templated":true}]}}